{"id":467,"date":"2024-08-08T23:23:41","date_gmt":"2024-08-08T23:23:41","guid":{"rendered":"https:\/\/cantatierra.org\/cantatierra\/?page_id=467"},"modified":"2024-08-27T14:40:13","modified_gmt":"2024-08-27T14:40:13","slug":"memoria-de-cantalicio-rojas-gonzalez-1896-1974","status":"publish","type":"page","link":"https:\/\/cantatierra.org\/en\/memoria-de-cantalicio-rojas-gonzalez-1896-1974\/","title":{"rendered":"Memoria de Cantalicio Rojas Gonz\u00e1lez (1896-1974)"},"content":{"rendered":"<p class=\"has-text-align-center\">Grupo Cantatierra de la ciudad de Ibague , Colombia, 1992<\/p>\n\n\n\n<p class=\"has-text-align-center\">Grabaci\u00f3n Original en disco LP producida por el grupo Cantatierra. Grabado en los estudios de Colcultura , Casa Li\u00e9vano , Bogot\u00e1 1992.\u00a0<\/p>\n\n\n\n<div style=\"height:auto;width:1000%\" class=\"superblockslider\" data-transition-duration=\".6s\" data-animation=\"cubic-bezier(0.46, 0.03, 0.52, 0.96)\" data-variable-height=\"true\"><div class=\"superblockslider__window\"><div class=\"superblockslider__track\" style=\"width:400%;transform:translateX(-0.0000%);transition-duration:.6s;transition-timing-function:cubic-bezier(0.46, 0.03, 0.52, 0.96)\">\n<div class=\"wp-block-superblockslider-slide superblockslider__slide superblockslider__slide--active\" data-slide-index=\"0\"><div class=\"superblockslider__slide__bg\"><\/div><div class=\"superblockslider__slide__overlay\"><\/div><div class=\"superblockslider__slide_inner\"><div class=\"inner-blocks\">\n<figure class=\"wp-block-image size-large\"><img loading=\"lazy\" decoding=\"async\" width=\"1024\" height=\"1012\" src=\"https:\/\/cantatierra.org\/wp-content\/uploads\/2024\/08\/LP-CARA1_2-1024x1012.jpg\" alt=\"\" class=\"wp-image-485\" srcset=\"https:\/\/cantatierra.org\/wp-content\/uploads\/2024\/08\/LP-CARA1_2-1024x1012.jpg 1024w, https:\/\/cantatierra.org\/wp-content\/uploads\/2024\/08\/LP-CARA1_2-300x296.jpg 300w, https:\/\/cantatierra.org\/wp-content\/uploads\/2024\/08\/LP-CARA1_2-768x759.jpg 768w, https:\/\/cantatierra.org\/wp-content\/uploads\/2024\/08\/LP-CARA1_2-1536x1517.jpg 1536w, https:\/\/cantatierra.org\/wp-content\/uploads\/2024\/08\/LP-CARA1_2-2048x2023.jpg 2048w, https:\/\/cantatierra.org\/wp-content\/uploads\/2024\/08\/LP-CARA1_2-12x12.jpg 12w\" sizes=\"auto, (max-width: 1024px) 100vw, 1024px\" \/><\/figure>\n<\/div><\/div><\/div>\n\n\n\n<div class=\"wp-block-superblockslider-slide superblockslider__slide\" data-slide-index=\"1\"><div class=\"superblockslider__slide__bg\"><\/div><div class=\"superblockslider__slide__overlay\"><\/div><div class=\"superblockslider__slide_inner\"><div class=\"inner-blocks\">\n<figure class=\"wp-block-image size-large\"><img loading=\"lazy\" decoding=\"async\" width=\"1024\" height=\"1022\" src=\"https:\/\/cantatierra.org\/wp-content\/uploads\/2024\/08\/LP-CARA2_2-1024x1022.jpg\" alt=\"\" class=\"wp-image-487\" srcset=\"https:\/\/cantatierra.org\/wp-content\/uploads\/2024\/08\/LP-CARA2_2-1024x1022.jpg 1024w, https:\/\/cantatierra.org\/wp-content\/uploads\/2024\/08\/LP-CARA2_2-300x300.jpg 300w, https:\/\/cantatierra.org\/wp-content\/uploads\/2024\/08\/LP-CARA2_2-150x150.jpg 150w, https:\/\/cantatierra.org\/wp-content\/uploads\/2024\/08\/LP-CARA2_2-768x766.jpg 768w, https:\/\/cantatierra.org\/wp-content\/uploads\/2024\/08\/LP-CARA2_2-1536x1532.jpg 1536w, https:\/\/cantatierra.org\/wp-content\/uploads\/2024\/08\/LP-CARA2_2-2048x2043.jpg 2048w, https:\/\/cantatierra.org\/wp-content\/uploads\/2024\/08\/LP-CARA2_2-12x12.jpg 12w\" sizes=\"auto, (max-width: 1024px) 100vw, 1024px\" \/><\/figure>\n<\/div><\/div><\/div>\n\n\n\n<div class=\"wp-block-superblockslider-slide superblockslider__slide\" data-slide-index=\"2\"><div class=\"superblockslider__slide__bg\"><\/div><div class=\"superblockslider__slide__overlay\"><\/div><div class=\"superblockslider__slide_inner\"><div class=\"inner-blocks\">\n<figure class=\"wp-block-image size-large\"><img loading=\"lazy\" decoding=\"async\" width=\"1024\" height=\"1015\" src=\"https:\/\/cantatierra.org\/wp-content\/uploads\/2024\/08\/2-visitaMIM-1024x1015.jpg\" alt=\"\" class=\"wp-image-484\" srcset=\"https:\/\/cantatierra.org\/wp-content\/uploads\/2024\/08\/2-visitaMIM-1024x1015.jpg 1024w, https:\/\/cantatierra.org\/wp-content\/uploads\/2024\/08\/2-visitaMIM-300x297.jpg 300w, https:\/\/cantatierra.org\/wp-content\/uploads\/2024\/08\/2-visitaMIM-150x150.jpg 150w, https:\/\/cantatierra.org\/wp-content\/uploads\/2024\/08\/2-visitaMIM-768x761.jpg 768w, https:\/\/cantatierra.org\/wp-content\/uploads\/2024\/08\/2-visitaMIM-1536x1523.jpg 1536w, https:\/\/cantatierra.org\/wp-content\/uploads\/2024\/08\/2-visitaMIM-2048x2030.jpg 2048w, https:\/\/cantatierra.org\/wp-content\/uploads\/2024\/08\/2-visitaMIM-12x12.jpg 12w\" sizes=\"auto, (max-width: 1024px) 100vw, 1024px\" \/><\/figure>\n<\/div><\/div><\/div>\n\n\n\n<div class=\"wp-block-superblockslider-slide superblockslider__slide\" data-slide-index=\"3\"><div class=\"superblockslider__slide__bg\"><\/div><div class=\"superblockslider__slide__overlay\"><\/div><div class=\"superblockslider__slide_inner\"><div class=\"inner-blocks\">\n<figure class=\"wp-block-image size-large\"><img loading=\"lazy\" decoding=\"async\" width=\"1024\" height=\"1002\" src=\"https:\/\/cantatierra.org\/wp-content\/uploads\/2024\/08\/LP-CARA3_2-1024x1002.jpg\" alt=\"\" class=\"wp-image-488\" srcset=\"https:\/\/cantatierra.org\/wp-content\/uploads\/2024\/08\/LP-CARA3_2-1024x1002.jpg 1024w, https:\/\/cantatierra.org\/wp-content\/uploads\/2024\/08\/LP-CARA3_2-300x294.jpg 300w, https:\/\/cantatierra.org\/wp-content\/uploads\/2024\/08\/LP-CARA3_2-768x752.jpg 768w, https:\/\/cantatierra.org\/wp-content\/uploads\/2024\/08\/LP-CARA3_2-1536x1503.jpg 1536w, https:\/\/cantatierra.org\/wp-content\/uploads\/2024\/08\/LP-CARA3_2-2048x2004.jpg 2048w, https:\/\/cantatierra.org\/wp-content\/uploads\/2024\/08\/LP-CARA3_2-12x12.jpg 12w\" sizes=\"auto, (max-width: 1024px) 100vw, 1024px\" \/><\/figure>\n<\/div><\/div><\/div>\n<\/div><\/div><div class=\"superblockslider__controls superblockslider__buttons\"><button data-button-id=\"0\" aria-label=\"Slide 1\" class=\"superblockslider__button superblockslider__button--active\"><span class=\"superblockslider__button__icon\"><svg width=\"20\" height=\"20\" viewbox=\"0 0 20 20\" xmlns=\"http:\/\/www.w3.org\/2000\/svg\"><path d=\"M10 2c4.42 0 8 3.58 8 8s-3.58 8-8 8-8-3.58-8-8 3.58-8 8-8zM10 15c2.76 0 5-2.24 5-5s-2.24-5-5-5-5 2.24-5 5 2.24 5 5 5z\"><\/path><\/svg><\/span><\/button><button data-button-id=\"1\" aria-label=\"Slide 2\" class=\"superblockslider__button\"><span class=\"superblockslider__button__icon\"><svg width=\"20\" height=\"20\" viewbox=\"0 0 20 20\" xmlns=\"http:\/\/www.w3.org\/2000\/svg\"><path d=\"M10 2c4.42 0 8 3.58 8 8s-3.58 8-8 8-8-3.58-8-8 3.58-8 8-8zM10 15c2.76 0 5-2.24 5-5s-2.24-5-5-5-5 2.24-5 5 2.24 5 5 5z\"><\/path><\/svg><\/span><\/button><button data-button-id=\"2\" aria-label=\"Slide 3\" class=\"superblockslider__button\"><span class=\"superblockslider__button__icon\"><svg width=\"20\" height=\"20\" viewbox=\"0 0 20 20\" xmlns=\"http:\/\/www.w3.org\/2000\/svg\"><path d=\"M10 2c4.42 0 8 3.58 8 8s-3.58 8-8 8-8-3.58-8-8 3.58-8 8-8zM10 15c2.76 0 5-2.24 5-5s-2.24-5-5-5-5 2.24-5 5 2.24 5 5 5z\"><\/path><\/svg><\/span><\/button><button data-button-id=\"3\" aria-label=\"Slide 4\" class=\"superblockslider__button\"><span class=\"superblockslider__button__icon\"><svg width=\"20\" height=\"20\" viewbox=\"0 0 20 20\" xmlns=\"http:\/\/www.w3.org\/2000\/svg\"><path d=\"M10 2c4.42 0 8 3.58 8 8s-3.58 8-8 8-8-3.58-8-8 3.58-8 8-8zM10 15c2.76 0 5-2.24 5-5s-2.24-5-5-5-5 2.24-5 5 2.24 5 5 5z\"><\/path><\/svg><\/span><\/button><\/div><div class=\"superblockslider__controls superblockslider__navigation\"><button class=\"superblockslider__button__navigation superblockslider__button__previous\" aria-label=\"Previous slide\"><span class=\"superblockslider__button__previous--icon\"><svg width=\"85\" height=\"85\" xmlns=\"http:\/\/www.w3.org\/2000\/svg\" viewbox=\"0 0 85 85\" role=\"img\" aria-hidden=\"true\" focusable=\"false\"><path d=\"M58.3,21.7l-5-4.2l-22.5,25l22.5,25l5-4.2L39.2,42.5L58.3,21.7z\"><\/path><\/svg><\/span><\/button><button class=\"superblockslider__button__navigation superblockslider__button__next\" aria-label=\"Next slide\"><span class=\"superblockslider__button__next--icon\"><svg width=\"85\" height=\"85\" xmlns=\"http:\/\/www.w3.org\/2000\/svg\" viewbox=\"0 0 85 85\" role=\"img\" aria-hidden=\"true\" focusable=\"false\"><path d=\"M31.7,17.5l-5,4.2l19.2,20.8L26.7,63.3l5,4.2l22.5-25L31.7,17.5z\"><\/path><\/svg><\/span><\/button><\/div><\/div>\n\n\n\n<h2 class=\"wp-block-heading has-text-align-center\">1. <strong><em>Ca\u00f1a N\u00ba5<\/em><\/strong><\/h2>\n\n\n\n<figure class=\"wp-block-audio\"><audio controls src=\"https:\/\/cantatierra.org\/wp-content\/uploads\/2024\/08\/1-CANA-5.mp3\"><\/audio><\/figure>\n\n\n\n<h2 class=\"wp-block-heading has-text-align-center\">2. <strong><em>La Pesca<\/em><\/strong>\/ bambuco<\/h2>\n\n\n\n<figure class=\"wp-block-audio\"><audio controls src=\"https:\/\/cantatierra.org\/wp-content\/uploads\/2024\/08\/2-LA-PESCA.mp3\"><\/audio><\/figure>\n\n\n\n<h2 class=\"wp-block-heading has-text-align-center\">3. <strong><em>Adrianita Rojas<\/em><\/strong>\/ Polka<\/h2>\n\n\n\n<figure class=\"wp-block-audio\"><audio controls src=\"https:\/\/cantatierra.org\/wp-content\/uploads\/2024\/08\/3-ADRIANITA-ROJAS.mp3\"><\/audio><\/figure>\n\n\n\n<h2 class=\"wp-block-heading has-text-align-center\">4. <strong><em>Sentimiento Ind\u00edgena<\/em><\/strong>\/ bambuco fiestero<\/h2>\n\n\n\n<figure class=\"wp-block-audio\"><audio controls src=\"https:\/\/cantatierra.org\/wp-content\/uploads\/2024\/08\/4-SENTIMIENTO-INDIGENA.mp3\"><\/audio><\/figure>\n\n\n\n<h2 class=\"wp-block-heading has-text-align-center\">5.&nbsp;<strong><em>El pe\u00f3n y el Hacendado<\/em><\/strong>\/ guabina<\/h2>\n\n\n\n<figure class=\"wp-block-audio\"><audio controls src=\"https:\/\/cantatierra.org\/wp-content\/uploads\/2024\/08\/5-EL-PEON-Y-EL-HACENDADO.mp3\"><\/audio><\/figure>\n\n\n\n<h2 class=\"wp-block-heading has-text-align-center\">6. <strong><em>Los Matachines<\/em><\/strong>\/ parrandero<\/h2>\n\n\n\n<figure class=\"wp-block-audio\"><audio controls src=\"https:\/\/cantatierra.org\/wp-content\/uploads\/2024\/08\/6-LOS-MATACHINES.mp3\"><\/audio><\/figure>\n\n\n\n<h2 class=\"wp-block-heading has-text-align-center\">7. <strong><em>Ca\u00f1a N\u00ba 1<\/em><\/strong>\/son ind\u00edgena<\/h2>\n\n\n\n<figure class=\"wp-block-audio\"><audio controls src=\"https:\/\/cantatierra.org\/wp-content\/uploads\/2024\/08\/7-CANA-1.mp3\"><\/audio><\/figure>\n\n\n\n<h2 class=\"wp-block-heading has-text-align-center\">8. <em><strong>El Enamorao<\/strong>&nbsp;\/ bambuco<\/em><\/h2>\n\n\n\n<figure class=\"wp-block-audio\"><audio controls src=\"https:\/\/cantatierra.org\/wp-content\/uploads\/2024\/08\/8-EL-ENAMORAO.mp3\"><\/audio><\/figure>\n\n\n\n<h2 class=\"wp-block-heading has-text-align-center\">9. <strong><em>Ca\u00f1a N\u00ba 4<\/em><\/strong><em>\/<\/em>&nbsp;son ind\u00edgena<\/h2>\n\n\n\n<figure class=\"wp-block-audio\"><audio controls src=\"https:\/\/cantatierra.org\/wp-content\/uploads\/2024\/08\/9-CANA-4.mp3\"><\/audio><\/figure>\n\n\n\n<h2 class=\"wp-block-heading has-text-align-center\">10. <strong><em>Carameleo<\/em><\/strong>&nbsp;\/ pasillo<\/h2>\n\n\n\n<figure class=\"wp-block-audio\"><audio controls src=\"https:\/\/cantatierra.org\/wp-content\/uploads\/2024\/08\/10-CARAMELEO.mp3\"><\/audio><\/figure>\n\n\n\n<h2 class=\"wp-block-heading has-text-align-center\">11. <strong><em>La Mirla<\/em><\/strong>&nbsp;\/ Rumba criolla<\/h2>\n\n\n\n<figure class=\"wp-block-audio\"><audio controls src=\"https:\/\/cantatierra.org\/wp-content\/uploads\/2024\/08\/10-CARAMELEO-1.mp3\"><\/audio><\/figure>\n\n\n\n<h2 class=\"wp-block-heading has-text-align-center\">12. <em><strong>Alegr\u00eda Tolimense<\/strong>\/ bambuco Fiestero<\/em><\/h2>\n\n\n\n<figure class=\"wp-block-audio\"><audio controls src=\"https:\/\/cantatierra.org\/wp-content\/uploads\/2024\/08\/12-ALEGRIA-TOLIMENSE.mp3\"><\/audio><\/figure>\n\n\n\n<h2 class=\"wp-block-heading has-text-align-center\">C\u00f3digo # CMS-024<\/h2>","protected":false},"excerpt":{"rendered":"<p>Grupo Cantatierra de la ciudad de Ibague , Colombia, 1992 Grabaci\u00f3n Original en disco LP producida por el grupo Cantatierra. Grabado en los estudios de Colcultura , Casa Li\u00e9vano , Bogot\u00e1 1992.\u00a0 1. Ca\u00f1a N\u00ba5 2. La Pesca\/ bambuco 3. Adrianita Rojas\/ Polka 4. Sentimiento Ind\u00edgena\/ bambuco fiestero 5.&nbsp;El pe\u00f3n y el Hacendado\/ guabina 6. &hellip; <\/p>\n<p class=\"link-more\"><a href=\"https:\/\/cantatierra.org\/en\/memoria-de-cantalicio-rojas-gonzalez-1896-1974\/\" class=\"more-link\">Read the full post &rarr;<span class=\"screen-reader-text\">\u00abMemoria de Cantalicio Rojas Gonz\u00e1lez (1896-1974)\u00bb<\/span><\/a><\/p>","protected":false},"author":1,"featured_media":0,"parent":0,"menu_order":0,"comment_status":"closed","ping_status":"closed","template":"","meta":{"footnotes":""},"class_list":["post-467","page","type-page","status-publish","hentry"],"_links":{"self":[{"href":"https:\/\/cantatierra.org\/en\/wp-json\/wp\/v2\/pages\/467","targetHints":{"allow":["GET"]}}],"collection":[{"href":"https:\/\/cantatierra.org\/en\/wp-json\/wp\/v2\/pages"}],"about":[{"href":"https:\/\/cantatierra.org\/en\/wp-json\/wp\/v2\/types\/page"}],"author":[{"embeddable":true,"href":"https:\/\/cantatierra.org\/en\/wp-json\/wp\/v2\/users\/1"}],"replies":[{"embeddable":true,"href":"https:\/\/cantatierra.org\/en\/wp-json\/wp\/v2\/comments?post=467"}],"version-history":[{"count":4,"href":"https:\/\/cantatierra.org\/en\/wp-json\/wp\/v2\/pages\/467\/revisions"}],"predecessor-version":[{"id":492,"href":"https:\/\/cantatierra.org\/en\/wp-json\/wp\/v2\/pages\/467\/revisions\/492"}],"wp:attachment":[{"href":"https:\/\/cantatierra.org\/en\/wp-json\/wp\/v2\/media?parent=467"}],"curies":[{"name":"wp","href":"https:\/\/api.w.org\/{rel}","templated":true}]}}